{"id":3485,"date":"2024-12-04T15:00:06","date_gmt":"2024-12-04T15:00:06","guid":{"rendered":"https:\/\/7flori.md\/?page_id=3485"},"modified":"2025-03-06T13:56:30","modified_gmt":"2025-03-06T13:56:30","slug":"politica-de-confidentialitate-2","status":"publish","type":"page","link":"https:\/\/7flori.md\/ru\/politica-de-confidentialitate-2\/","title":{"rendered":"Politic\u0103 de confiden\u021bialitate"},"content":{"rendered":"<h2><strong>Politic\u0103 de confiden\u021bialitate<\/strong><\/h2>\n\n\n\n<p>\u00cen virtutea prevederilor Legii cu Nr. 133\/2011 referitor la protec\u021bia datelor cu caracter personal, furnizorul de servicii desf\u0103\u0219oar\u0103 prelucrarea acestora. Aceste date sunt gestionate cu integritate \u0219i respect\u00e2nd legisla\u021bia aplicabil\u0103 \u00een vigoare. Datele cu caracter personal sunt procesate folosind at\u00e2t mijloace automate, c\u00e2t \u0219i manuale, respect\u00e2ndu-se rigorile legale \u0219i condi\u021biile necesare \u00een vederea asigur\u0103rii securit\u0103\u021bii, confiden\u021bialit\u0103\u021bii \u0219i respect\u0103rii drepturilor subiec\u021bilor datelor.Informa\u021biile personale sunt utilizate doar \u00een scopul gestion\u0103rii site-ului, facilit\u0103rii accesului la con\u021binut special, proces\u0103rii comenzilor \u0219i comunic\u0103rii cu consumatorii pentru a asigura livrarea corect\u0103 a produselor. Prin aceast\u0103 notificare, utilizatorii \u0219i consumatorii sunt informa\u021bi c\u0103 datele lor cu caracter personal (incluz\u00e2nd prenumele, numele, adresa, adresa po\u0219tal\u0103, num\u0103rul de telefon) vor fi procesate \u0219i folosite de c\u0103tre Furnizor, pe baza furniz\u0103rii acestor informa\u021bii pe site-ul www.7flori.md. Orice informa\u021bie oferit\u0103 de utilizatori \u0219i consumatori pe site-ul www.flori.md reprezint\u0103 un consim\u021b\u0103m\u00e2nt explicit pentru utilizarea datelor personale de c\u0103tre Furnizor. Furnizorul se angajeaz\u0103 s\u0103 nu divulge sau s\u0103 transfere informa\u021biile personale c\u0103tre alte p\u0103r\u021bi f\u0103r\u0103 consim\u021b\u0103m\u00e2ntul persoanelor implicate \u0219i nu va utiliza, vinde sau divulga aceste date c\u0103tre ter\u021bi, cu excep\u021bia cazurilor conforme legii (cum ar fi la cererea institu\u021biilor publice, organelor judiciare sau instan\u021belor de judecat\u0103, care sunt autorizate legal s\u0103 proceseze datele personale conform prevederilor legisla\u021biei \u00een vigoare).Datele personale pot fi prelucrate \u0219i folosite de furnizor \u00een scopuri statistice \u0219i pentru promovare. Furnizorul de servicii \u00eendepline\u0219te cerin\u021bele de securitate a datelor personale \u0219i se asigur\u0103 c\u0103 acestea sunt protejate \u00eempotriva pierderii, distrugerii, falsific\u0103rii sau dezv\u0103luirii c\u0103tre ter\u021bi. Personalul furnizorului este \u00een datoria sa s\u0103 asigure confiden\u021bialitatea datelor personale ale clien\u021bilor, iar procesarea acestor date va fi efectuat\u0103 de c\u0103tre persoanele autorizate de furnizor. Furnizorul utilizeaz\u0103 tehnologii \u0219i metode de securitate conform legisla\u021biei \u00een vigoare. De asemenea, furnizorul nu adun\u0103 informa\u021bii legate de tranzac\u021bii, precum num\u0103rul de card, data expir\u0103rii etc.<\/p>\n\n\n\n<p>Pentru orice \u00eentreb\u0103ri sau clarific\u0103ri suplimentare, v\u0103 rug\u0103m s\u0103 ne contacta\u021bi prin email la adresa&nbsp;7flori.md@gmail.com&nbsp;sau prin telefon la num\u0103rul +373 79748518.<\/p>","protected":false},"excerpt":{"rendered":"<p>Politic\u0103 de confiden\u021bialitate \u00cen virtutea prevederilor Legii cu Nr. 133\/2011 referitor la protec\u021bia datelor cu caracter personal, furnizorul de servicii<\/p>","protected":false},"author":2,"featured_media":0,"parent":0,"menu_order":0,"comment_status":"closed","ping_status":"closed","template":"","meta":[],"_links":{"self":[{"href":"https:\/\/7flori.md\/ru\/wp-json\/wp\/v2\/pages\/3485"}],"collection":[{"href":"https:\/\/7flori.md\/ru\/wp-json\/wp\/v2\/pages"}],"about":[{"href":"https:\/\/7flori.md\/ru\/wp-json\/wp\/v2\/types\/page"}],"author":[{"embeddable":true,"href":"https:\/\/7flori.md\/ru\/wp-json\/wp\/v2\/users\/2"}],"replies":[{"embeddable":true,"href":"https:\/\/7flori.md\/ru\/wp-json\/wp\/v2\/comments?post=3485"}],"version-history":[{"count":4,"href":"https:\/\/7flori.md\/ru\/wp-json\/wp\/v2\/pages\/3485\/revisions"}],"predecessor-version":[{"id":3607,"href":"https:\/\/7flori.md\/ru\/wp-json\/wp\/v2\/pages\/3485\/revisions\/3607"}],"wp:attachment":[{"href":"https:\/\/7flori.md\/ru\/wp-json\/wp\/v2\/media?parent=3485"}],"curies":[{"name":"wp","href":"https:\/\/api.w.org\/{rel}","templated":true}]}}