{"id":3557,"date":"2025-02-03T14:19:54","date_gmt":"2025-02-03T14:19:54","guid":{"rendered":"https:\/\/7flori.md\/?post_type=product&#038;p=3557"},"modified":"2025-02-03T15:02:21","modified_gmt":"2025-02-03T15:02:21","slug":"3557","status":"publish","type":"product","link":"https:\/\/7flori.md\/ru\/product\/3557\/","title":{"rendered":""},"content":{"rendered":"<p>Pretul buchetului depinde de sezon. Pentru a concretiza pre\u021bul trimite\u021bi un screenshot cu pozele buchetelor care v\u0103 intereseaz\u0103 pe WhatsApp, Viber sau telegram la num\u0103rul 079748518 \u0219i indica\u021bi data evenimentului.<\/p>","protected":false},"excerpt":{"rendered":"<p>Pretul buchetului depinde de sezon. Pentru a concretiza pre\u021bul trimite\u021bi un screenshot cu pozele buchetelor care v\u0103 intereseaz\u0103 pe WhatsApp,<\/p>","protected":false},"featured_media":3551,"template":"","meta":[],"product_cat":[61],"product_tag":[],"_links":{"self":[{"href":"https:\/\/7flori.md\/ru\/wp-json\/wp\/v2\/product\/3557"}],"collection":[{"href":"https:\/\/7flori.md\/ru\/wp-json\/wp\/v2\/product"}],"about":[{"href":"https:\/\/7flori.md\/ru\/wp-json\/wp\/v2\/types\/product"}],"wp:featuredmedia":[{"embeddable":true,"href":"https:\/\/7flori.md\/ru\/wp-json\/wp\/v2\/media\/3551"}],"wp:attachment":[{"href":"https:\/\/7flori.md\/ru\/wp-json\/wp\/v2\/media?parent=3557"}],"wp:term":[{"taxonomy":"product_cat","embeddable":true,"href":"https:\/\/7flori.md\/ru\/wp-json\/wp\/v2\/product_cat?post=3557"},{"taxonomy":"product_tag","embeddable":true,"href":"https:\/\/7flori.md\/ru\/wp-json\/wp\/v2\/product_tag?post=3557"}],"curies":[{"name":"wp","href":"https:\/\/api.w.org\/{rel}","templated":true}]}}