{"id":3569,"date":"2025-02-03T15:11:01","date_gmt":"2025-02-03T15:11:01","guid":{"rendered":"https:\/\/7flori.md\/?post_type=product&#038;p=3569"},"modified":"2025-02-03T15:11:02","modified_gmt":"2025-02-03T15:11:02","slug":"3569","status":"publish","type":"product","link":"https:\/\/7flori.md\/ru\/product\/3569\/","title":{"rendered":""},"content":{"rendered":"<p>Pretul buchetului depinde de sezon. Pentru a concretiza pre\u021bul trimite\u021bi un screenshot cu pozele buchetelor care v\u0103 intereseaz\u0103 pe WhatsApp, Viber sau telegram la num\u0103rul 079748518 \u0219i indica\u021bi data evenimentului.<\/p>","protected":false},"excerpt":{"rendered":"<p>Pretul buchetului depinde de sezon. Pentru a concretiza pre\u021bul trimite\u021bi un screenshot cu pozele buchetelor care v\u0103 intereseaz\u0103 pe WhatsApp,<\/p>","protected":false},"featured_media":3549,"template":"","meta":[],"product_cat":[61],"product_tag":[],"_links":{"self":[{"href":"https:\/\/7flori.md\/ru\/wp-json\/wp\/v2\/product\/3569"}],"collection":[{"href":"https:\/\/7flori.md\/ru\/wp-json\/wp\/v2\/product"}],"about":[{"href":"https:\/\/7flori.md\/ru\/wp-json\/wp\/v2\/types\/product"}],"wp:featuredmedia":[{"embeddable":true,"href":"https:\/\/7flori.md\/ru\/wp-json\/wp\/v2\/media\/3549"}],"wp:attachment":[{"href":"https:\/\/7flori.md\/ru\/wp-json\/wp\/v2\/media?parent=3569"}],"wp:term":[{"taxonomy":"product_cat","embeddable":true,"href":"https:\/\/7flori.md\/ru\/wp-json\/wp\/v2\/product_cat?post=3569"},{"taxonomy":"product_tag","embeddable":true,"href":"https:\/\/7flori.md\/ru\/wp-json\/wp\/v2\/product_tag?post=3569"}],"curies":[{"name":"wp","href":"https:\/\/api.w.org\/{rel}","templated":true}]}}