{"id":3683,"date":"2026-02-17T08:34:32","date_gmt":"2026-02-17T08:34:32","guid":{"rendered":"https:\/\/7flori.md\/?post_type=product&#038;p=3683"},"modified":"2026-02-17T19:29:59","modified_gmt":"2026-02-17T19:29:59","slug":"3683","status":"publish","type":"product","link":"https:\/\/7flori.md\/ru\/product\/3683\/","title":{"rendered":""},"content":{"rendered":"<p style=\"text-align: left;\">Comanda buchetelor de mireas\u0103 se face cu cel pu\u021bin 2 s\u0103pt\u0103m\u00e2ni p\u00e2n\u0103 la data evenimentului. Pre\u021bul poate varia \u00een func\u021bie de sezon. Pentru a concretiza pre\u021bul la data evenimentului dumneavoastr\u0103 contacta\u021bi-ne pe pagina de Instagram @buchetul_miresei_chisinau<\/p>","protected":false},"excerpt":{"rendered":"<p>Comanda buchetelor de mireas\u0103 se face cu cel pu\u021bin 2 s\u0103pt\u0103m\u00e2ni p\u00e2n\u0103 la data evenimentului. Pre\u021bul poate varia \u00een func\u021bie<\/p>","protected":false},"featured_media":3688,"template":"","meta":[],"product_cat":[15,61],"product_tag":[],"_links":{"self":[{"href":"https:\/\/7flori.md\/ru\/wp-json\/wp\/v2\/product\/3683"}],"collection":[{"href":"https:\/\/7flori.md\/ru\/wp-json\/wp\/v2\/product"}],"about":[{"href":"https:\/\/7flori.md\/ru\/wp-json\/wp\/v2\/types\/product"}],"wp:featuredmedia":[{"embeddable":true,"href":"https:\/\/7flori.md\/ru\/wp-json\/wp\/v2\/media\/3688"}],"wp:attachment":[{"href":"https:\/\/7flori.md\/ru\/wp-json\/wp\/v2\/media?parent=3683"}],"wp:term":[{"taxonomy":"product_cat","embeddable":true,"href":"https:\/\/7flori.md\/ru\/wp-json\/wp\/v2\/product_cat?post=3683"},{"taxonomy":"product_tag","embeddable":true,"href":"https:\/\/7flori.md\/ru\/wp-json\/wp\/v2\/product_tag?post=3683"}],"curies":[{"name":"wp","href":"https:\/\/api.w.org\/{rel}","templated":true}]}}