{"id":3684,"date":"2026-02-17T08:37:23","date_gmt":"2026-02-17T08:37:23","guid":{"rendered":"https:\/\/7flori.md\/?post_type=product&#038;p=3684"},"modified":"2026-02-17T08:37:24","modified_gmt":"2026-02-17T08:37:24","slug":"3684","status":"publish","type":"product","link":"https:\/\/7flori.md\/ru\/product\/3684\/","title":{"rendered":""},"content":{"rendered":"<p>Comanda buchetelor de mireas\u0103 se face cu cel pu\u021bin dou\u0103 s\u0103pt\u0103m\u00e2ni \u00eenainte de eveniment.<\/p>","protected":false},"excerpt":{"rendered":"<p>Comanda buchetelor de mireas\u0103 se face cu cel pu\u021bin dou\u0103 s\u0103pt\u0103m\u00e2ni \u00eenainte de eveniment.<\/p>","protected":false},"featured_media":3644,"template":"","meta":[],"product_cat":[61],"product_tag":[],"_links":{"self":[{"href":"https:\/\/7flori.md\/ru\/wp-json\/wp\/v2\/product\/3684"}],"collection":[{"href":"https:\/\/7flori.md\/ru\/wp-json\/wp\/v2\/product"}],"about":[{"href":"https:\/\/7flori.md\/ru\/wp-json\/wp\/v2\/types\/product"}],"wp:featuredmedia":[{"embeddable":true,"href":"https:\/\/7flori.md\/ru\/wp-json\/wp\/v2\/media\/3644"}],"wp:attachment":[{"href":"https:\/\/7flori.md\/ru\/wp-json\/wp\/v2\/media?parent=3684"}],"wp:term":[{"taxonomy":"product_cat","embeddable":true,"href":"https:\/\/7flori.md\/ru\/wp-json\/wp\/v2\/product_cat?post=3684"},{"taxonomy":"product_tag","embeddable":true,"href":"https:\/\/7flori.md\/ru\/wp-json\/wp\/v2\/product_tag?post=3684"}],"curies":[{"name":"wp","href":"https:\/\/api.w.org\/{rel}","templated":true}]}}